{"id":37734,"date":"2025-03-28T11:02:20","date_gmt":"2025-03-28T10:02:20","guid":{"rendered":"https:\/\/www.atmosferamag.it\/lumen-workshop-kinetic-lights\/"},"modified":"2025-04-04T13:24:48","modified_gmt":"2025-04-04T11:24:48","slug":"lumen-workshop-kinetic-lights","status":"publish","type":"page","link":"https:\/\/www.atmosferamag.it\/it\/lumen-workshop-kinetic-lights\/","title":{"rendered":"LUMEN \/ Workshop &#8211; Kinetic Lights"},"content":{"rendered":"\t\t<div data-elementor-type=\"wp-page\" data-elementor-id=\"37734\" class=\"elementor elementor-37734 elementor-37630\" data-elementor-post-type=\"page\">\n\t\t\t\t\t\t<section class=\"elementor-section elementor-top-section elementor-element elementor-element-98b24db elementor-section-boxed elementor-section-height-default elementor-section-height-default\" data-id=\"98b24db\" data-element_type=\"section\" data-e-type=\"section\">\n\t\t\t\t\t\t<div class=\"elementor-container elementor-column-gap-default\">\n\t\t\t\t\t<div class=\"elementor-column elementor-col-100 elementor-top-column elementor-element elementor-element-d091a21\" data-id=\"d091a21\" data-element_type=\"column\" data-e-type=\"column\">\n\t\t\t<div class=\"elementor-widget-wrap elementor-element-populated\">\n\t\t\t\t\t\t<section class=\"elementor-section elementor-inner-section elementor-element elementor-element-5edf564 elementor-section-boxed elementor-section-height-default elementor-section-height-default\" data-id=\"5edf564\" data-element_type=\"section\" data-e-type=\"section\">\n\t\t\t\t\t\t<div class=\"elementor-container elementor-column-gap-default\">\n\t\t\t\t\t<div class=\"elementor-column elementor-col-50 elementor-inner-column elementor-element elementor-element-4968b55\" data-id=\"4968b55\" data-element_type=\"column\" data-e-type=\"column\">\n\t\t\t<div class=\"elementor-widget-wrap elementor-element-populated\">\n\t\t\t\t\t\t<div class=\"elementor-element elementor-element-1af3d95 elementor-widget elementor-widget-image\" data-id=\"1af3d95\" data-element_type=\"widget\" data-e-type=\"widget\" data-widget_type=\"image.default\">\n\t\t\t\t<div class=\"elementor-widget-container\">\n\t\t\t\t\t\t\t\t\t\t\t\t\t\t\t<img fetchpriority=\"high\" decoding=\"async\" width=\"2250\" height=\"2250\" src=\"https:\/\/www.atmosferamag.it\/wp-content\/uploads\/2025\/04\/WORSKSHOP-min.jpg\" class=\"attachment-full size-full wp-image-37717\" alt=\"\" srcset=\"https:\/\/www.atmosferamag.it\/wp-content\/uploads\/2025\/04\/WORSKSHOP-min.jpg 2250w, https:\/\/www.atmosferamag.it\/wp-content\/uploads\/2025\/04\/WORSKSHOP-min-300x300.jpg 300w, https:\/\/www.atmosferamag.it\/wp-content\/uploads\/2025\/04\/WORSKSHOP-min-1024x1024.jpg 1024w, https:\/\/www.atmosferamag.it\/wp-content\/uploads\/2025\/04\/WORSKSHOP-min-150x150.jpg 150w, https:\/\/www.atmosferamag.it\/wp-content\/uploads\/2025\/04\/WORSKSHOP-min-768x768.jpg 768w, https:\/\/www.atmosferamag.it\/wp-content\/uploads\/2025\/04\/WORSKSHOP-min-1536x1536.jpg 1536w, https:\/\/www.atmosferamag.it\/wp-content\/uploads\/2025\/04\/WORSKSHOP-min-2048x2048.jpg 2048w\" sizes=\"(max-width: 2250px) 100vw, 2250px\" \/>\t\t\t\t\t\t\t\t\t\t\t\t\t\t\t<\/div>\n\t\t\t\t<\/div>\n\t\t\t\t\t<\/div>\n\t\t<\/div>\n\t\t\t\t<div class=\"elementor-column elementor-col-50 elementor-inner-column elementor-element elementor-element-f2e3756\" data-id=\"f2e3756\" data-element_type=\"column\" data-e-type=\"column\">\n\t\t\t<div class=\"elementor-widget-wrap elementor-element-populated\">\n\t\t\t\t\t\t<div class=\"elementor-element elementor-element-6f2cc02 elementor-widget elementor-widget-text-editor\" data-id=\"6f2cc02\" data-element_type=\"widget\" data-e-type=\"widget\" data-widget_type=\"text-editor.default\">\n\t\t\t\t<div class=\"elementor-widget-container\">\n\t\t\t\t\t\t\t\t\t<p><span style=\"font-weight: 400;\">Unisciti a noi per un workshop immersivo che fonde tecnologia, arte e interazione, per artisti, designer, musicisti, performer e menti curiose interessate a sperimentare con la tecnologia interattiva e la creativit\u00e0 visiva.<\/span><\/p><p><b><br \/><\/b><b>EVENTO LIVE ESAURITO.<\/b><\/p><p><b>Il workshop verr\u00e0 caricato l&#8217;11.04.2025<\/b><b><br \/><\/b><b>Registrati qui e accedi alla registrazione completa.<\/b><\/p>\t\t\t\t\t\t\t\t<\/div>\n\t\t\t\t<\/div>\n\t\t\t\t<div class=\"elementor-element elementor-element-825d2ab eael-contact-form-7-button-align-left eael-contact-form-7-button-custom elementor-widget elementor-widget-eael-contact-form-7\" data-id=\"825d2ab\" data-element_type=\"widget\" data-e-type=\"widget\" data-widget_type=\"eael-contact-form-7.default\">\n\t\t\t\t<div class=\"elementor-widget-container\">\n\t\t\t\t\t<div class=\"eael-contact-form-7-wrapper\">\n                <div class=\"eael-contact-form eael-contact-form-7 eael-contact-form-825d2ab placeholder-show eael-contact-form-align-default\">\n<div class=\"wpcf7 no-js\" id=\"wpcf7-f37738-o1\" lang=\"en-US\" dir=\"ltr\" data-wpcf7-id=\"37738\">\n<div class=\"screen-reader-response\"><p role=\"status\" aria-live=\"polite\" aria-atomic=\"true\"><\/p> <ul><\/ul><\/div>\n<form action=\"\/it\/wp-json\/wp\/v2\/pages\/37734#wpcf7-f37738-o1\" method=\"post\" class=\"wpcf7-form init 7acfa140ce1d cmatic-disconn cmatic-aud-5 cmatic-mapd0-0 cmatic-v097802 cmatic-sent-0 cmatic-total-0\" aria-label=\"Contact form\" novalidate=\"novalidate\" data-status=\"init\">\n<fieldset class=\"hidden-fields-container\"><input type=\"hidden\" name=\"_wpcf7\" value=\"37738\" \/><input type=\"hidden\" name=\"_wpcf7_version\" value=\"6.1.5\" \/><input type=\"hidden\" name=\"_wpcf7_locale\" value=\"en_US\" \/><input type=\"hidden\" name=\"_wpcf7_unit_tag\" value=\"wpcf7-f37738-o1\" \/><input type=\"hidden\" name=\"_wpcf7_container_post\" value=\"0\" \/><input type=\"hidden\" name=\"_wpcf7_posted_data_hash\" value=\"\" \/>\n<\/fieldset>\n<div class=\"container-newsletter\">\n\t<p><label> Nome<br \/>\n<span class=\"wpcf7-form-control-wrap\" data-name=\"your-name\"><input size=\"40\" maxlength=\"400\" class=\"wpcf7-form-control wpcf7-text wpcf7-validates-as-required\" aria-required=\"true\" aria-invalid=\"false\" value=\"\" type=\"text\" name=\"your-name\" \/><\/span> <\/label>\n\t<\/p>\n\t<p><label> Cognome<br \/>\n<span class=\"wpcf7-form-control-wrap\" data-name=\"your-surname\"><input size=\"40\" maxlength=\"400\" class=\"wpcf7-form-control wpcf7-text wpcf7-validates-as-required\" aria-required=\"true\" aria-invalid=\"false\" value=\"\" type=\"text\" name=\"your-surname\" \/><\/span> <\/label>\n\t<\/p>\n\t<p><label> Email<br \/>\n<span class=\"wpcf7-form-control-wrap\" data-name=\"your-email\"><input size=\"40\" maxlength=\"400\" class=\"wpcf7-form-control wpcf7-email wpcf7-validates-as-required wpcf7-text wpcf7-validates-as-email\" aria-required=\"true\" aria-invalid=\"false\" value=\"\" type=\"email\" name=\"your-email\" \/><\/span> <\/label>\n\t<\/p>\n\t<p><label> Citt\u00e0<br \/>\n<span class=\"wpcf7-form-control-wrap\" data-name=\"citta\"><input size=\"40\" maxlength=\"400\" class=\"wpcf7-form-control wpcf7-text wpcf7-validates-as-required\" aria-required=\"true\" aria-invalid=\"false\" value=\"\" type=\"text\" name=\"citta\" \/><\/span> <\/label>\n\t<\/p>\n\t<p><label> Professione<br \/>\n<span class=\"wpcf7-form-control-wrap\" data-name=\"ruolo\"><input size=\"40\" maxlength=\"400\" class=\"wpcf7-form-control wpcf7-text wpcf7-validates-as-required\" aria-required=\"true\" aria-invalid=\"false\" value=\"\" type=\"text\" name=\"ruolo\" \/><\/span> <\/label><br \/>\n<label><br \/>\n<span class=\"wpcf7-form-control-wrap\" data-name=\"capital-quiz\"><label><span class=\"wpcf7-quiz-label\">Quale numero \u00e8 maggiore, 1 o 2?<\/span> <input size=\"40\" class=\"wpcf7-form-control wpcf7-quiz\" id=\"qatest\" autocomplete=\"off\" aria-required=\"true\" aria-invalid=\"false\" type=\"text\" name=\"capital-quiz\" \/><\/label><input type=\"hidden\" name=\"_wpcf7_quiz_answer_capital-quiz\" value=\"1516a856c99a59dd8308124c07f2578a\" \/><\/span><\/label>\n\t<\/p>\n\t<p><span class=\"wpcf7-form-control-wrap\" data-name=\"acceptance-545\"><span class=\"wpcf7-form-control wpcf7-acceptance\"><span class=\"wpcf7-list-item\"><label><input type=\"checkbox\" name=\"acceptance-545\" value=\"1\" aria-invalid=\"false\" \/><span class=\"wpcf7-list-item-label\">Accetta la <a target=\"_blank\" href=\"https:\/\/www.atmosferamag.it\/privacy-policy\/\">privacy policy<\/a>.<\/span><\/label><\/span><\/span><\/span>\n\t<\/p>\n\t<p><input class=\"wpcf7-form-control wpcf7-submit has-spinner\" type=\"submit\" value=\"Registrati all&#039;evento\" \/>\n\t<\/p>\n\t<div class=\"social-form\" style=\"margin-top: 40px\">\n\t\t<p><a style=\"display: inline; padding-right: 15px\" href=\"https:\/\/www.instagram.com\/atmosferamag\/\" target=\"blank\"><img decoding=\"async\" src=\"https:\/\/www.atmosferamag.it\/wp-content\/uploads\/2025\/03\/icon-instagram.png\" width=\"40px\" height=\"auto\" \/><\/a><a  style=\"display: inline; padding-right: 15px\" href=\"https:\/\/www.facebook.com\/people\/Atmosfera-Mag\/100086538670476\/\" target=\"blank\"><img decoding=\"async\" src=\"https:\/\/www.atmosferamag.it\/wp-content\/uploads\/2025\/03\/icon-facebook.png\" width=\"40px\" height=\"auto\" \/><\/a><a  style=\"display: inline; padding-right: 15px\" href=\"https:\/\/www.pinterest.it\/atmosfera_mag\/\" target=\"blank\"><img decoding=\"async\" src=\"https:\/\/www.atmosferamag.it\/wp-content\/uploads\/2025\/03\/icon-pinterest.png\" width=\"40px\" height=\"auto\" \/><\/a>\n\t\t<\/p>\n\t<\/div>\n<\/div><div class=\"wpcf7-response-output\" aria-hidden=\"true\"><\/div>\n<\/form>\n<\/div>\n<\/div>\n            <\/div>\t\t\t\t<\/div>\n\t\t\t\t<\/div>\n\t\t\t\t<div class=\"elementor-element elementor-element-51b3224 elementor-widget elementor-widget-text-editor\" data-id=\"51b3224\" data-element_type=\"widget\" data-e-type=\"widget\" data-widget_type=\"text-editor.default\">\n\t\t\t\t<div class=\"elementor-widget-container\">\n\t\t\t\t\t\t\t\t\t<p><span style=\"font-weight: 400;\">Durante il workshop esploreremo l&#8217;integrazione tra <strong>TouchDesigner, Max MSP e il controllo interattivo dell&#8217;illuminazione<\/strong> per creare un&#8217;esperienza audiovisiva dinamica.<\/span><\/p><p><span style=\"font-weight: 400;\">\u00a0<\/span><span style=\"font-weight: 400;\">Software che verranno utilizzati:<\/span><\/p><p><span style=\"font-weight: 400;\">&#8211;<strong> TouchDesigner<\/strong> (per la gestione delle immagini AI e l&#8217;integrazione con Kinect e luci)<\/span><\/p><p><span style=\"font-weight: 400;\">&#8211; <strong>Stable Diffusion<\/strong> (per la generazione di immagini AI in tempo reale)<\/span><\/p><p><span style=\"font-weight: 400;\">&#8211; <strong>Max MSP<\/strong> (per il sound design e la sincronizzazione audio-luce)<\/span><\/p><p><span style=\"font-weight: 400;\">Inizieremo utilizzando la silhouette catturata da <strong>Kinect<\/strong> per generare immagini <strong>AI reattive<\/strong> tramite <strong>Stable Diffusion<\/strong>, che cambieranno in tempo reale seguendo i movimenti dei partecipanti. Successivamente, integreremo l&#8217;uso delle luci, controllandole attraverso il movimento del corpo, creando un&#8217;interazione diretta con l&#8217;ambiente.<\/span><\/p><p><span style=\"font-weight: 400;\"><strong>Max MSP<\/strong> aggiunger\u00e0 una dimensione sonora, influenzando sia gli elementi visivi che le luci. L&#8217;obiettivo \u00e8 creare un&#8217;esperienza interattiva in cui corpo, luce e suono si fondono utilizzando tecnologie avanzate.<\/span><\/p><p><strong>Con:<\/strong><\/p><p><strong>Nima Gazestani<\/strong><\/p><p><span style=\"font-weight: 400;\">Interaction Designer, Creative Technologist e docente universitario<\/span><\/p><p><strong>Jack Sapienza<\/strong><\/p><p><span style=\"font-weight: 400;\">Sound Designer, produttore musicale e co-fondatore di RKH Studio<\/span><\/p><p><strong>Prendi in mano il sistema e scopri come i tuoi movimenti generano immagini, suoni ed effetti di luce in tempo reale.<\/strong><\/p>\t\t\t\t\t\t\t\t<\/div>\n\t\t\t\t<\/div>\n\t\t\t\t\t<\/div>\n\t\t<\/div>\n\t\t\t\t\t<\/div>\n\t\t<\/section>\n\t\t\t\t<div class=\"elementor-element elementor-element-2518c5b elementor-widget elementor-widget-spacer\" data-id=\"2518c5b\" data-element_type=\"widget\" data-e-type=\"widget\" data-widget_type=\"spacer.default\">\n\t\t\t\t<div class=\"elementor-widget-container\">\n\t\t\t\t\t\t\t<div class=\"elementor-spacer\">\n\t\t\t<div class=\"elementor-spacer-inner\"><\/div>\n\t\t<\/div>\n\t\t\t\t\t\t<\/div>\n\t\t\t\t<\/div>\n\t\t\t\t\t<\/div>\n\t\t<\/div>\n\t\t\t\t\t<\/div>\n\t\t<\/section>\n\t\t\t\t<\/div>\n\t\t","protected":false},"excerpt":{"rendered":"<p>Unisciti a noi per un workshop immersivo che fonde tecnologia, arte e interazione, per artisti, designer, musicisti, performer e menti curiose interessate a sperimentare con la tecnologia interattiva e la creativit\u00e0 visiva. EVENTO LIVE ESAURITO. Il workshop verr\u00e0 caricato l&#8217;11.04.2025Registrati qui e accedi alla registrazione completa. Nome Cognome Email Citt\u00e0 Professione Quale numero \u00e8 maggiore, [&hellip;]<\/p>\n","protected":false},"author":15,"featured_media":37717,"parent":0,"menu_order":0,"comment_status":"closed","ping_status":"closed","template":"","meta":{"footnotes":""},"class_list":["post-37734","page","type-page","status-publish","has-post-thumbnail","hentry"],"yoast_head":"<!-- This site is optimized with the Yoast SEO plugin v26.0 - https:\/\/yoast.com\/wordpress\/plugins\/seo\/ -->\n<title>Workshop Lumen | Atmosfera magazine<\/title>\n<meta name=\"description\" content=\"Discover the world of lighting design with Atmosfera\" \/>\n<meta name=\"robots\" content=\"noindex, nofollow\" \/>\n<meta property=\"og:locale\" content=\"it_IT\" \/>\n<meta property=\"og:type\" content=\"article\" \/>\n<meta property=\"og:title\" content=\"Workshop Lumen | Atmosfera magazine\" \/>\n<meta property=\"og:description\" content=\"Discover the world of lighting design with Atmosfera\" \/>\n<meta property=\"og:url\" content=\"https:\/\/www.atmosferamag.it\/it\/lumen-workshop-kinetic-lights\/\" \/>\n<meta property=\"og:site_name\" content=\"Atmosfera Mag\" \/>\n<meta property=\"article:publisher\" content=\"https:\/\/www.facebook.com\/people\/Atmosfera-Mag\/100086538670476\/\" \/>\n<meta property=\"article:modified_time\" content=\"2025-04-04T11:24:48+00:00\" \/>\n<meta property=\"og:image\" content=\"https:\/\/www.atmosferamag.it\/wp-content\/uploads\/2025\/04\/WORSKSHOP-min.jpg\" \/>\n\t<meta property=\"og:image:width\" content=\"2250\" \/>\n\t<meta property=\"og:image:height\" content=\"2250\" \/>\n\t<meta property=\"og:image:type\" content=\"image\/jpeg\" \/>\n<meta name=\"twitter:card\" content=\"summary_large_image\" \/>\n<meta name=\"twitter:label1\" content=\"Tempo di lettura stimato\" \/>\n\t<meta name=\"twitter:data1\" content=\"2 minuti\" \/>\n<script type=\"application\/ld+json\" class=\"yoast-schema-graph\">{\"@context\":\"https:\/\/schema.org\",\"@graph\":[{\"@type\":\"WebPage\",\"@id\":\"https:\/\/www.atmosferamag.it\/it\/lumen-workshop-kinetic-lights\/\",\"url\":\"https:\/\/www.atmosferamag.it\/it\/lumen-workshop-kinetic-lights\/\",\"name\":\"Workshop Lumen | Atmosfera magazine\",\"isPartOf\":{\"@id\":\"https:\/\/www.atmosferamag.it\/it\/#website\"},\"primaryImageOfPage\":{\"@id\":\"https:\/\/www.atmosferamag.it\/it\/lumen-workshop-kinetic-lights\/#primaryimage\"},\"image\":{\"@id\":\"https:\/\/www.atmosferamag.it\/it\/lumen-workshop-kinetic-lights\/#primaryimage\"},\"thumbnailUrl\":\"https:\/\/www.atmosferamag.it\/wp-content\/uploads\/2025\/04\/WORSKSHOP-min.jpg\",\"datePublished\":\"2025-03-28T10:02:20+00:00\",\"dateModified\":\"2025-04-04T11:24:48+00:00\",\"description\":\"Discover the world of lighting design with Atmosfera\",\"breadcrumb\":{\"@id\":\"https:\/\/www.atmosferamag.it\/it\/lumen-workshop-kinetic-lights\/#breadcrumb\"},\"inLanguage\":\"it-IT\",\"potentialAction\":[{\"@type\":\"ReadAction\",\"target\":[\"https:\/\/www.atmosferamag.it\/it\/lumen-workshop-kinetic-lights\/\"]}]},{\"@type\":\"ImageObject\",\"inLanguage\":\"it-IT\",\"@id\":\"https:\/\/www.atmosferamag.it\/it\/lumen-workshop-kinetic-lights\/#primaryimage\",\"url\":\"https:\/\/www.atmosferamag.it\/wp-content\/uploads\/2025\/04\/WORSKSHOP-min.jpg\",\"contentUrl\":\"https:\/\/www.atmosferamag.it\/wp-content\/uploads\/2025\/04\/WORSKSHOP-min.jpg\",\"width\":2250,\"height\":2250},{\"@type\":\"BreadcrumbList\",\"@id\":\"https:\/\/www.atmosferamag.it\/it\/lumen-workshop-kinetic-lights\/#breadcrumb\",\"itemListElement\":[{\"@type\":\"ListItem\",\"position\":1,\"name\":\"Home\",\"item\":\"https:\/\/www.atmosferamag.it\/it\/\"},{\"@type\":\"ListItem\",\"position\":2,\"name\":\"LUMEN \/ Workshop &#8211; Kinetic Lights\"}]},{\"@type\":\"WebSite\",\"@id\":\"https:\/\/www.atmosferamag.it\/it\/#website\",\"url\":\"https:\/\/www.atmosferamag.it\/it\/\",\"name\":\"Atmosfera Mag\",\"description\":\"La luce in tutte le sue forme\",\"publisher\":{\"@id\":\"https:\/\/www.atmosferamag.it\/it\/#organization\"},\"potentialAction\":[{\"@type\":\"SearchAction\",\"target\":{\"@type\":\"EntryPoint\",\"urlTemplate\":\"https:\/\/www.atmosferamag.it\/it\/?s={search_term_string}\"},\"query-input\":{\"@type\":\"PropertyValueSpecification\",\"valueRequired\":true,\"valueName\":\"search_term_string\"}}],\"inLanguage\":\"it-IT\"},{\"@type\":\"Organization\",\"@id\":\"https:\/\/www.atmosferamag.it\/it\/#organization\",\"name\":\"Atmosfera Mag\",\"url\":\"https:\/\/www.atmosferamag.it\/it\/\",\"logo\":{\"@type\":\"ImageObject\",\"inLanguage\":\"it-IT\",\"@id\":\"https:\/\/www.atmosferamag.it\/it\/#\/schema\/logo\/image\/\",\"url\":\"https:\/\/www.atmosferamag.it\/wp-content\/uploads\/2022\/09\/titolo.png\",\"contentUrl\":\"https:\/\/www.atmosferamag.it\/wp-content\/uploads\/2022\/09\/titolo.png\",\"width\":2728,\"height\":406,\"caption\":\"Atmosfera Mag\"},\"image\":{\"@id\":\"https:\/\/www.atmosferamag.it\/it\/#\/schema\/logo\/image\/\"},\"sameAs\":[\"https:\/\/www.facebook.com\/people\/Atmosfera-Mag\/100086538670476\/\",\"https:\/\/www.instagram.com\/atmosferamag\/\",\"https:\/\/www.pinterest.it\/atmosfera_mag\/\"]}]}<\/script>\n<!-- \/ Yoast SEO plugin. -->","yoast_head_json":{"title":"Workshop Lumen | Atmosfera magazine","description":"Discover the world of lighting design with Atmosfera","robots":{"index":"noindex","follow":"nofollow"},"og_locale":"it_IT","og_type":"article","og_title":"Workshop Lumen | Atmosfera magazine","og_description":"Discover the world of lighting design with Atmosfera","og_url":"https:\/\/www.atmosferamag.it\/it\/lumen-workshop-kinetic-lights\/","og_site_name":"Atmosfera Mag","article_publisher":"https:\/\/www.facebook.com\/people\/Atmosfera-Mag\/100086538670476\/","article_modified_time":"2025-04-04T11:24:48+00:00","og_image":[{"width":2250,"height":2250,"url":"https:\/\/www.atmosferamag.it\/wp-content\/uploads\/2025\/04\/WORSKSHOP-min.jpg","type":"image\/jpeg"}],"twitter_card":"summary_large_image","twitter_misc":{"Tempo di lettura stimato":"2 minuti"},"schema":{"@context":"https:\/\/schema.org","@graph":[{"@type":"WebPage","@id":"https:\/\/www.atmosferamag.it\/it\/lumen-workshop-kinetic-lights\/","url":"https:\/\/www.atmosferamag.it\/it\/lumen-workshop-kinetic-lights\/","name":"Workshop Lumen | Atmosfera magazine","isPartOf":{"@id":"https:\/\/www.atmosferamag.it\/it\/#website"},"primaryImageOfPage":{"@id":"https:\/\/www.atmosferamag.it\/it\/lumen-workshop-kinetic-lights\/#primaryimage"},"image":{"@id":"https:\/\/www.atmosferamag.it\/it\/lumen-workshop-kinetic-lights\/#primaryimage"},"thumbnailUrl":"https:\/\/www.atmosferamag.it\/wp-content\/uploads\/2025\/04\/WORSKSHOP-min.jpg","datePublished":"2025-03-28T10:02:20+00:00","dateModified":"2025-04-04T11:24:48+00:00","description":"Discover the world of lighting design with Atmosfera","breadcrumb":{"@id":"https:\/\/www.atmosferamag.it\/it\/lumen-workshop-kinetic-lights\/#breadcrumb"},"inLanguage":"it-IT","potentialAction":[{"@type":"ReadAction","target":["https:\/\/www.atmosferamag.it\/it\/lumen-workshop-kinetic-lights\/"]}]},{"@type":"ImageObject","inLanguage":"it-IT","@id":"https:\/\/www.atmosferamag.it\/it\/lumen-workshop-kinetic-lights\/#primaryimage","url":"https:\/\/www.atmosferamag.it\/wp-content\/uploads\/2025\/04\/WORSKSHOP-min.jpg","contentUrl":"https:\/\/www.atmosferamag.it\/wp-content\/uploads\/2025\/04\/WORSKSHOP-min.jpg","width":2250,"height":2250},{"@type":"BreadcrumbList","@id":"https:\/\/www.atmosferamag.it\/it\/lumen-workshop-kinetic-lights\/#breadcrumb","itemListElement":[{"@type":"ListItem","position":1,"name":"Home","item":"https:\/\/www.atmosferamag.it\/it\/"},{"@type":"ListItem","position":2,"name":"LUMEN \/ Workshop &#8211; Kinetic Lights"}]},{"@type":"WebSite","@id":"https:\/\/www.atmosferamag.it\/it\/#website","url":"https:\/\/www.atmosferamag.it\/it\/","name":"Atmosfera Mag","description":"La luce in tutte le sue forme","publisher":{"@id":"https:\/\/www.atmosferamag.it\/it\/#organization"},"potentialAction":[{"@type":"SearchAction","target":{"@type":"EntryPoint","urlTemplate":"https:\/\/www.atmosferamag.it\/it\/?s={search_term_string}"},"query-input":{"@type":"PropertyValueSpecification","valueRequired":true,"valueName":"search_term_string"}}],"inLanguage":"it-IT"},{"@type":"Organization","@id":"https:\/\/www.atmosferamag.it\/it\/#organization","name":"Atmosfera Mag","url":"https:\/\/www.atmosferamag.it\/it\/","logo":{"@type":"ImageObject","inLanguage":"it-IT","@id":"https:\/\/www.atmosferamag.it\/it\/#\/schema\/logo\/image\/","url":"https:\/\/www.atmosferamag.it\/wp-content\/uploads\/2022\/09\/titolo.png","contentUrl":"https:\/\/www.atmosferamag.it\/wp-content\/uploads\/2022\/09\/titolo.png","width":2728,"height":406,"caption":"Atmosfera Mag"},"image":{"@id":"https:\/\/www.atmosferamag.it\/it\/#\/schema\/logo\/image\/"},"sameAs":["https:\/\/www.facebook.com\/people\/Atmosfera-Mag\/100086538670476\/","https:\/\/www.instagram.com\/atmosferamag\/","https:\/\/www.pinterest.it\/atmosfera_mag\/"]}]}},"_links":{"self":[{"href":"https:\/\/www.atmosferamag.it\/it\/wp-json\/wp\/v2\/pages\/37734","targetHints":{"allow":["GET"]}}],"collection":[{"href":"https:\/\/www.atmosferamag.it\/it\/wp-json\/wp\/v2\/pages"}],"about":[{"href":"https:\/\/www.atmosferamag.it\/it\/wp-json\/wp\/v2\/types\/page"}],"author":[{"embeddable":true,"href":"https:\/\/www.atmosferamag.it\/it\/wp-json\/wp\/v2\/users\/15"}],"replies":[{"embeddable":true,"href":"https:\/\/www.atmosferamag.it\/it\/wp-json\/wp\/v2\/comments?post=37734"}],"version-history":[{"count":9,"href":"https:\/\/www.atmosferamag.it\/it\/wp-json\/wp\/v2\/pages\/37734\/revisions"}],"predecessor-version":[{"id":37744,"href":"https:\/\/www.atmosferamag.it\/it\/wp-json\/wp\/v2\/pages\/37734\/revisions\/37744"}],"wp:featuredmedia":[{"embeddable":true,"href":"https:\/\/www.atmosferamag.it\/it\/wp-json\/wp\/v2\/media\/37717"}],"wp:attachment":[{"href":"https:\/\/www.atmosferamag.it\/it\/wp-json\/wp\/v2\/media?parent=37734"}],"curies":[{"name":"wp","href":"https:\/\/api.w.org\/{rel}","templated":true}]}}